{"id":79,"date":"2017-11-28T20:36:15","date_gmt":"2017-11-28T19:36:15","guid":{"rendered":"http:\/\/serwer1745067.home.pl\/autoinstalator\/wordpress\/?page_id=79"},"modified":"2017-12-01T19:51:45","modified_gmt":"2017-12-01T18:51:45","slug":"piesn-o-najswietszym-sakramencie","status":"publish","type":"page","link":"https:\/\/jacekkowalski.pl\/?page_id=79","title":{"rendered":"Pie\u015b\u0144 o Naj\u015bwi\u0119tszym Sakramencie"},"content":{"rendered":"<p><code><iframe loading=\"lazy\" width=\"560\" height=\"315\" src=\"https:\/\/www.youtube.com\/embed\/dmwhp_QCQag\" frameborder=\"0\" allowfullscreen><\/iframe><\/code><br \/>\n<a href=\"http:\/\/serwer1745067.home.pl\/autoinstalator\/wordpress\/?page_id=50\">Powr\u00f3t do listy<\/a><\/p>\n","protected":false},"excerpt":{"rendered":"<p>Powr\u00f3t do listy<\/p>\n","protected":false},"author":1,"featured_media":0,"parent":50,"menu_order":13,"comment_status":"closed","ping_status":"closed","template":"","meta":{"ngg_post_thumbnail":0},"_links":{"self":[{"href":"https:\/\/jacekkowalski.pl\/index.php?rest_route=\/wp\/v2\/pages\/79"}],"collection":[{"href":"https:\/\/jacekkowalski.pl\/index.php?rest_route=\/wp\/v2\/pages"}],"about":[{"href":"https:\/\/jacekkowalski.pl\/index.php?rest_route=\/wp\/v2\/types\/page"}],"author":[{"embeddable":true,"href":"https:\/\/jacekkowalski.pl\/index.php?rest_route=\/wp\/v2\/users\/1"}],"replies":[{"embeddable":true,"href":"https:\/\/jacekkowalski.pl\/index.php?rest_route=%2Fwp%2Fv2%2Fcomments&post=79"}],"version-history":[{"count":2,"href":"https:\/\/jacekkowalski.pl\/index.php?rest_route=\/wp\/v2\/pages\/79\/revisions"}],"predecessor-version":[{"id":188,"href":"https:\/\/jacekkowalski.pl\/index.php?rest_route=\/wp\/v2\/pages\/79\/revisions\/188"}],"up":[{"embeddable":true,"href":"https:\/\/jacekkowalski.pl\/index.php?rest_route=\/wp\/v2\/pages\/50"}],"wp:attachment":[{"href":"https:\/\/jacekkowalski.pl\/index.php?rest_route=%2Fwp%2Fv2%2Fmedia&parent=79"}],"curies":[{"name":"wp","href":"https:\/\/api.w.org\/{rel}","templated":true}]}}